{"id":541,"date":"2021-03-30T18:35:35","date_gmt":"2021-03-30T16:35:35","guid":{"rendered":"https:\/\/wph.web-alain.com\/?page_id=541"},"modified":"2024-09-16T16:44:13","modified_gmt":"2024-09-16T14:44:13","slug":"presentation-amicale-vie","status":"publish","type":"page","link":"https:\/\/anrparis-75.fr\/index.php\/presentation-amicale-vie\/","title":{"rendered":"Pr\u00e9sentation Amicale Vie"},"content":{"rendered":"\n<div class=\"wp-block-themeisle-blocks-advanced-columns has-1-columns has-desktop-equal-layout has-tablet-equal-layout has-mobile-equal-layout has-default-gap has-vertical-unset\" id=\"wp-block-themeisle-blocks-advanced-columns-66fc1e03\"><div class=\"wp-block-themeisle-blocks-advanced-columns-overlay\"><\/div><div class=\"innerblocks-wrap\">\n\n<div class=\"wp-block-themeisle-blocks-advanced-column\" id=\"wp-block-themeisle-blocks-advanced-column-3fbb5443\">\n\n<figure class=\"wp-block-image size-large\"><img decoding=\"async\" src=\"https:\/\/anrparis-75.fr\/wp-content\/uploads\/2021\/03\/amicale_vie_complet.jpg\" alt=\"\" class=\"wp-image-544\"\/><\/figure>\n\n<\/div>\n\n<\/div><\/div>\n\n\n\n<p class=\"has-text-align-center has-text-color has-large-font-size\" style=\"color:#a3003a\"><strong>INFORMATION IMPORTANTE CONCERNANT VOTRE CAPITAL DECES AMICALE-VIE<\/strong><\/p>\n\n\n\n<p>A compter du 1er janvier 2022, la CNP Assurances assurera d\u00e9sormais la gestion des contrats Amicale-Vie.<\/p>\n\n\n\n<p>Ce changement ne modifie en rien les termes de votre contrat, ni votre appartenance \u00e0 l&rsquo;Amicale Vie de l&rsquo;ANR.<\/p>\n\n\n\n<p><\/p>\n\n\n\n<p><strong>Pour souscrire il faut \u00eatre&nbsp; adh\u00e9rent \u00e0 l\u2019A.N.R. et avoir moins de 76 ans.<\/strong><\/p>\n\n\n\n<p>Votre conjoint ou concubin peut souscrire en adh\u00e9rant \u00e0 l\u2019A.N.R.<\/p>\n\n\n\n<p>A noter que si vous \u00eates adh\u00e9rent \u00e0 la Mutuelle G\u00e9n\u00e9rale, elle ne verse plus de capital-d\u00e9c\u00e9s apr\u00e8s 65 ans&nbsp;.<\/p>\n\n\n\n<p><strong>Ses avantages&nbsp;<\/strong>:<\/p>\n\n\n\n<p>&nbsp;&nbsp;&nbsp;&nbsp;&nbsp;&nbsp;&nbsp; Garantie par la Caisse Nationale de Pr\u00e9voyance (C.N.P.)<\/p>\n\n\n\n<p>&nbsp;&nbsp;&nbsp;&nbsp;&nbsp;&nbsp;&nbsp; Aucun droit d\u2019entr\u00e9e ni frais de dossier,<\/p>\n\n\n\n<p>&nbsp;&nbsp;&nbsp;&nbsp;&nbsp;&nbsp;&nbsp; Une cotisation (semestrielle ou annuelle) <strong>constante<\/strong> tout au long du contrat,<\/p>\n\n\n\n<p>&nbsp;&nbsp;&nbsp;&nbsp;&nbsp;&nbsp;&nbsp; Pas de formalit\u00e9 m\u00e9dicale jusqu\u2019\u00e0 71 ans (et un questionnaire de sant\u00e9 de 71 \u00e0 76 ans)<\/p>\n\n\n\n<p>&nbsp;&nbsp;&nbsp;&nbsp;&nbsp;&nbsp;&nbsp; Capital doubl\u00e9 en cas d\u2019accident, tripl\u00e9 en cas d\u2019accident de la circulation,<\/p>\n\n\n\n<p>&nbsp;&nbsp;&nbsp;&nbsp;&nbsp;&nbsp;&nbsp; Capital d\u00e9fiscalis\u00e9 et sans droit de succession.<\/p>\n\n\n\n<p>Pour de plus amples informations consulter le site:<a href=\"https:\/\/www.amicale-vie.fr\/\">https:\/\/www.amicale-vie.fr\/<\/a><\/p>\n\n\n\n<p>Tarifs Amicale Vie, cliquer <a href=\"https:\/\/anrparis-75.fr\/wp-content\/uploads\/2021\/05\/TARIFS_amicale_vie.pdf\" target=\"_blank\" rel=\"noreferrer noopener\">ICI<\/a><\/p>\n\n\n\n<p><strong>Pour souscrire remplir la demande de formulaire d&rsquo;adh\u00e9sion pr\u00e9sente dans la m\u00eame rubrique<\/strong><\/p>\n\n\n\n<p>ou contacter l&rsquo;ambassadeur Amicale Vie de l&rsquo;ANR75:<\/p>\n\n\n\n<p><strong>Fran\u00e7oise Laterner <\/strong><br><em>Courriel<\/em>: frlaterner@gmail.com<br><em>T\u00e9l:<\/em> 06 83 11 66 41<\/p>\n\n\n\n<p><\/p>\n","protected":false},"excerpt":{"rendered":"<p>INFORMATION IMPORTANTE CONCERNANT VOTRE CAPITAL DECES AMICALE-VIE A compter du 1er janvier 2022, la CNP Assurances assurera d\u00e9sormais la gestion des contrats Amicale-Vie. Ce changement ne modifie en rien les termes de votre contrat, ni votre appartenance \u00e0 l&rsquo;Amicale Vie de l&rsquo;ANR. Pour souscrire il faut \u00eatre&nbsp; adh\u00e9rent \u00e0 l\u2019A.N.R. [&hellip;]<\/p>\n","protected":false},"author":4,"featured_media":0,"parent":0,"menu_order":0,"comment_status":"closed","ping_status":"closed","template":"","meta":{"footnotes":""},"class_list":["post-541","page","type-page","status-publish","hentry"],"yoast_head":"<!-- This site is optimized with the Yoast SEO plugin v27.4 - https:\/\/yoast.com\/product\/yoast-seo-wordpress\/ -->\n<title>Pr\u00e9sentation Amicale Vie - Association Nationale de Retrait\u00e9s Groupe Paris<\/title>\n<meta name=\"robots\" content=\"index, follow, max-snippet:-1, max-image-preview:large, max-video-preview:-1\" \/>\n<link rel=\"canonical\" href=\"https:\/\/anrparis-75.fr\/index.php\/presentation-amicale-vie\/\" \/>\n<meta property=\"og:locale\" content=\"fr_FR\" \/>\n<meta property=\"og:type\" content=\"article\" \/>\n<meta property=\"og:title\" content=\"Pr\u00e9sentation Amicale Vie - Association Nationale de Retrait\u00e9s Groupe Paris\" \/>\n<meta property=\"og:description\" content=\"INFORMATION IMPORTANTE CONCERNANT VOTRE CAPITAL DECES AMICALE-VIE A compter du 1er janvier 2022, la CNP Assurances assurera d\u00e9sormais la gestion des contrats Amicale-Vie. Ce changement ne modifie en rien les termes de votre contrat, ni votre appartenance \u00e0 l&rsquo;Amicale Vie de l&rsquo;ANR. Pour souscrire il faut \u00eatre&nbsp; adh\u00e9rent \u00e0 l\u2019A.N.R. [&hellip;]\" \/>\n<meta property=\"og:url\" content=\"https:\/\/anrparis-75.fr\/index.php\/presentation-amicale-vie\/\" \/>\n<meta property=\"og:site_name\" content=\"Association Nationale de Retrait\u00e9s Groupe Paris\" \/>\n<meta property=\"article:modified_time\" content=\"2024-09-16T14:44:13+00:00\" \/>\n<meta property=\"og:image\" content=\"https:\/\/anrparis-75.fr\/wp-content\/uploads\/2021\/03\/amicale_vie_complet.jpg\" \/>\n<meta name=\"twitter:card\" content=\"summary_large_image\" \/>\n<meta name=\"twitter:label1\" content=\"Dur\u00e9e de lecture estim\u00e9e\" \/>\n\t<meta name=\"twitter:data1\" content=\"2 minutes\" \/>\n<script type=\"application\/ld+json\" class=\"yoast-schema-graph\">{\"@context\":\"https:\\\/\\\/schema.org\",\"@graph\":[{\"@type\":\"WebPage\",\"@id\":\"https:\\\/\\\/anrparis-75.fr\\\/index.php\\\/presentation-amicale-vie\\\/\",\"url\":\"https:\\\/\\\/anrparis-75.fr\\\/index.php\\\/presentation-amicale-vie\\\/\",\"name\":\"Pr\u00e9sentation Amicale Vie - Association Nationale de Retrait\u00e9s Groupe Paris\",\"isPartOf\":{\"@id\":\"https:\\\/\\\/anrparis-75.fr\\\/#website\"},\"primaryImageOfPage\":{\"@id\":\"https:\\\/\\\/anrparis-75.fr\\\/index.php\\\/presentation-amicale-vie\\\/#primaryimage\"},\"image\":{\"@id\":\"https:\\\/\\\/anrparis-75.fr\\\/index.php\\\/presentation-amicale-vie\\\/#primaryimage\"},\"thumbnailUrl\":\"https:\\\/\\\/anrparis-75.fr\\\/wp-content\\\/uploads\\\/2021\\\/03\\\/amicale_vie_complet.jpg\",\"datePublished\":\"2021-03-30T16:35:35+00:00\",\"dateModified\":\"2024-09-16T14:44:13+00:00\",\"breadcrumb\":{\"@id\":\"https:\\\/\\\/anrparis-75.fr\\\/index.php\\\/presentation-amicale-vie\\\/#breadcrumb\"},\"inLanguage\":\"fr-FR\",\"potentialAction\":[{\"@type\":\"ReadAction\",\"target\":[\"https:\\\/\\\/anrparis-75.fr\\\/index.php\\\/presentation-amicale-vie\\\/\"]}]},{\"@type\":\"ImageObject\",\"inLanguage\":\"fr-FR\",\"@id\":\"https:\\\/\\\/anrparis-75.fr\\\/index.php\\\/presentation-amicale-vie\\\/#primaryimage\",\"url\":\"https:\\\/\\\/anrparis-75.fr\\\/wp-content\\\/uploads\\\/2021\\\/03\\\/amicale_vie_complet.jpg\",\"contentUrl\":\"https:\\\/\\\/anrparis-75.fr\\\/wp-content\\\/uploads\\\/2021\\\/03\\\/amicale_vie_complet.jpg\"},{\"@type\":\"BreadcrumbList\",\"@id\":\"https:\\\/\\\/anrparis-75.fr\\\/index.php\\\/presentation-amicale-vie\\\/#breadcrumb\",\"itemListElement\":[{\"@type\":\"ListItem\",\"position\":1,\"name\":\"Accueil\",\"item\":\"https:\\\/\\\/anrparis-75.fr\\\/\"},{\"@type\":\"ListItem\",\"position\":2,\"name\":\"Pr\u00e9sentation Amicale Vie\"}]},{\"@type\":\"WebSite\",\"@id\":\"https:\\\/\\\/anrparis-75.fr\\\/#website\",\"url\":\"https:\\\/\\\/anrparis-75.fr\\\/\",\"name\":\"Association Nationale de Retrait\u00e9s Groupe Paris\",\"description\":\"Retraite active\",\"publisher\":{\"@id\":\"https:\\\/\\\/anrparis-75.fr\\\/#organization\"},\"potentialAction\":[{\"@type\":\"SearchAction\",\"target\":{\"@type\":\"EntryPoint\",\"urlTemplate\":\"https:\\\/\\\/anrparis-75.fr\\\/?s={search_term_string}\"},\"query-input\":{\"@type\":\"PropertyValueSpecification\",\"valueRequired\":true,\"valueName\":\"search_term_string\"}}],\"inLanguage\":\"fr-FR\"},{\"@type\":\"Organization\",\"@id\":\"https:\\\/\\\/anrparis-75.fr\\\/#organization\",\"name\":\"Association Nationale de Retrait\u00e9s Groupe Paris 75\",\"url\":\"https:\\\/\\\/anrparis-75.fr\\\/\",\"logo\":{\"@type\":\"ImageObject\",\"inLanguage\":\"fr-FR\",\"@id\":\"https:\\\/\\\/anrparis-75.fr\\\/#\\\/schema\\\/logo\\\/image\\\/\",\"url\":\"https:\\\/\\\/anrparis-75.fr\\\/wp-content\\\/uploads\\\/2021\\\/05\\\/logo-sans-rien.png\",\"contentUrl\":\"https:\\\/\\\/anrparis-75.fr\\\/wp-content\\\/uploads\\\/2021\\\/05\\\/logo-sans-rien.png\",\"width\":170,\"height\":156,\"caption\":\"Association Nationale de Retrait\u00e9s Groupe Paris 75\"},\"image\":{\"@id\":\"https:\\\/\\\/anrparis-75.fr\\\/#\\\/schema\\\/logo\\\/image\\\/\"}}]}<\/script>\n<!-- \/ Yoast SEO plugin. -->","yoast_head_json":{"title":"Pr\u00e9sentation Amicale Vie - Association Nationale de Retrait\u00e9s Groupe Paris","robots":{"index":"index","follow":"follow","max-snippet":"max-snippet:-1","max-image-preview":"max-image-preview:large","max-video-preview":"max-video-preview:-1"},"canonical":"https:\/\/anrparis-75.fr\/index.php\/presentation-amicale-vie\/","og_locale":"fr_FR","og_type":"article","og_title":"Pr\u00e9sentation Amicale Vie - Association Nationale de Retrait\u00e9s Groupe Paris","og_description":"INFORMATION IMPORTANTE CONCERNANT VOTRE CAPITAL DECES AMICALE-VIE A compter du 1er janvier 2022, la CNP Assurances assurera d\u00e9sormais la gestion des contrats Amicale-Vie. Ce changement ne modifie en rien les termes de votre contrat, ni votre appartenance \u00e0 l&rsquo;Amicale Vie de l&rsquo;ANR. Pour souscrire il faut \u00eatre&nbsp; adh\u00e9rent \u00e0 l\u2019A.N.R. [&hellip;]","og_url":"https:\/\/anrparis-75.fr\/index.php\/presentation-amicale-vie\/","og_site_name":"Association Nationale de Retrait\u00e9s Groupe Paris","article_modified_time":"2024-09-16T14:44:13+00:00","og_image":[{"url":"https:\/\/anrparis-75.fr\/wp-content\/uploads\/2021\/03\/amicale_vie_complet.jpg","type":"","width":"","height":""}],"twitter_card":"summary_large_image","twitter_misc":{"Dur\u00e9e de lecture estim\u00e9e":"2 minutes"},"schema":{"@context":"https:\/\/schema.org","@graph":[{"@type":"WebPage","@id":"https:\/\/anrparis-75.fr\/index.php\/presentation-amicale-vie\/","url":"https:\/\/anrparis-75.fr\/index.php\/presentation-amicale-vie\/","name":"Pr\u00e9sentation Amicale Vie - Association Nationale de Retrait\u00e9s Groupe Paris","isPartOf":{"@id":"https:\/\/anrparis-75.fr\/#website"},"primaryImageOfPage":{"@id":"https:\/\/anrparis-75.fr\/index.php\/presentation-amicale-vie\/#primaryimage"},"image":{"@id":"https:\/\/anrparis-75.fr\/index.php\/presentation-amicale-vie\/#primaryimage"},"thumbnailUrl":"https:\/\/anrparis-75.fr\/wp-content\/uploads\/2021\/03\/amicale_vie_complet.jpg","datePublished":"2021-03-30T16:35:35+00:00","dateModified":"2024-09-16T14:44:13+00:00","breadcrumb":{"@id":"https:\/\/anrparis-75.fr\/index.php\/presentation-amicale-vie\/#breadcrumb"},"inLanguage":"fr-FR","potentialAction":[{"@type":"ReadAction","target":["https:\/\/anrparis-75.fr\/index.php\/presentation-amicale-vie\/"]}]},{"@type":"ImageObject","inLanguage":"fr-FR","@id":"https:\/\/anrparis-75.fr\/index.php\/presentation-amicale-vie\/#primaryimage","url":"https:\/\/anrparis-75.fr\/wp-content\/uploads\/2021\/03\/amicale_vie_complet.jpg","contentUrl":"https:\/\/anrparis-75.fr\/wp-content\/uploads\/2021\/03\/amicale_vie_complet.jpg"},{"@type":"BreadcrumbList","@id":"https:\/\/anrparis-75.fr\/index.php\/presentation-amicale-vie\/#breadcrumb","itemListElement":[{"@type":"ListItem","position":1,"name":"Accueil","item":"https:\/\/anrparis-75.fr\/"},{"@type":"ListItem","position":2,"name":"Pr\u00e9sentation Amicale Vie"}]},{"@type":"WebSite","@id":"https:\/\/anrparis-75.fr\/#website","url":"https:\/\/anrparis-75.fr\/","name":"Association Nationale de Retrait\u00e9s Groupe Paris","description":"Retraite active","publisher":{"@id":"https:\/\/anrparis-75.fr\/#organization"},"potentialAction":[{"@type":"SearchAction","target":{"@type":"EntryPoint","urlTemplate":"https:\/\/anrparis-75.fr\/?s={search_term_string}"},"query-input":{"@type":"PropertyValueSpecification","valueRequired":true,"valueName":"search_term_string"}}],"inLanguage":"fr-FR"},{"@type":"Organization","@id":"https:\/\/anrparis-75.fr\/#organization","name":"Association Nationale de Retrait\u00e9s Groupe Paris 75","url":"https:\/\/anrparis-75.fr\/","logo":{"@type":"ImageObject","inLanguage":"fr-FR","@id":"https:\/\/anrparis-75.fr\/#\/schema\/logo\/image\/","url":"https:\/\/anrparis-75.fr\/wp-content\/uploads\/2021\/05\/logo-sans-rien.png","contentUrl":"https:\/\/anrparis-75.fr\/wp-content\/uploads\/2021\/05\/logo-sans-rien.png","width":170,"height":156,"caption":"Association Nationale de Retrait\u00e9s Groupe Paris 75"},"image":{"@id":"https:\/\/anrparis-75.fr\/#\/schema\/logo\/image\/"}}]}},"_links":{"self":[{"href":"https:\/\/anrparis-75.fr\/index.php\/wp-json\/wp\/v2\/pages\/541","targetHints":{"allow":["GET"]}}],"collection":[{"href":"https:\/\/anrparis-75.fr\/index.php\/wp-json\/wp\/v2\/pages"}],"about":[{"href":"https:\/\/anrparis-75.fr\/index.php\/wp-json\/wp\/v2\/types\/page"}],"author":[{"embeddable":true,"href":"https:\/\/anrparis-75.fr\/index.php\/wp-json\/wp\/v2\/users\/4"}],"replies":[{"embeddable":true,"href":"https:\/\/anrparis-75.fr\/index.php\/wp-json\/wp\/v2\/comments?post=541"}],"version-history":[{"count":4,"href":"https:\/\/anrparis-75.fr\/index.php\/wp-json\/wp\/v2\/pages\/541\/revisions"}],"predecessor-version":[{"id":2609,"href":"https:\/\/anrparis-75.fr\/index.php\/wp-json\/wp\/v2\/pages\/541\/revisions\/2609"}],"wp:attachment":[{"href":"https:\/\/anrparis-75.fr\/index.php\/wp-json\/wp\/v2\/media?parent=541"}],"curies":[{"name":"wp","href":"https:\/\/api.w.org\/{rel}","templated":true}]}}