{"id":538,"date":"2021-03-30T18:32:05","date_gmt":"2021-03-30T16:32:05","guid":{"rendered":"https:\/\/wph.web-alain.com\/?page_id=538"},"modified":"2025-07-01T17:15:11","modified_gmt":"2025-07-01T15:15:11","slug":"edito-du-president","status":"publish","type":"page","link":"https:\/\/anrparis-75.fr\/index.php\/edito-du-president\/","title":{"rendered":"Ressources Humaines"},"content":{"rendered":"\n<p><\/p>\n\n\n\n<div class=\"wp-block-cover is-light\"><span aria-hidden=\"true\" class=\"wp-block-cover__background has-background-dim\" style=\"background-color:#ebe9e5\"><\/span><img loading=\"lazy\" decoding=\"async\" width=\"88\" height=\"88\" class=\"wp-block-cover__image-background wp-image-2823\" alt=\"\" src=\"https:\/\/anrparis-75.fr\/wp-content\/uploads\/2024\/12\/ANR.jpg\" data-object-fit=\"cover\"\/><div class=\"wp-block-cover__inner-container is-layout-constrained wp-block-cover-is-layout-constrained\">\n<p class=\"has-text-align-center has-large-font-size\">Ressources Humaines de l&rsquo;Association Nationale de Retrait\u00e9s Paris (ANR Paris)<\/p>\n\n\n\n<p>9 b\u00e9n\u00e9voles permanents :<\/p>\n\n\n\n<ul class=\"wp-block-list\">\n<li>Pr\u00e9sident : Daniel Geens<\/li>\n\n\n\n<li>Vice-Pr\u00e9sidente&nbsp;: Armelle Roy<\/li>\n\n\n\n<li>Tr\u00e9sorier&nbsp;: Yannick Noel<\/li>\n\n\n\n<li>Secr\u00e9taire&nbsp;: Christiane Peltier<\/li>\n\n\n\n<li>Responsable fichiers adh\u00e9rents&nbsp;: Francis Ricard<\/li>\n\n\n\n<li>Responsable des Loisirs&nbsp;: Fran\u00e7oise Laterner<\/li>\n\n\n\n<li>Responsable\/coach Webmaster&nbsp;: Fran\u00e7oise Casteran\/Alain Gay (ANR42)<\/li>\n\n\n\n<li>Responsable Solidarit\u00e9&nbsp;: Rolande Chardonneaux<\/li>\n\n\n\n<li>Relations Institutionnels\u00a0: Monique Sautjeau<\/li>\n<\/ul>\n\n\n\n<p><\/p>\n\n\n\n<p>15 b\u00e9n\u00e9voles avec pr\u00e9sence occasionnelle\u00a0:<\/p>\n\n\n\n<ul class=\"wp-block-list\">\n<li>Chantal Bussenault<\/li>\n\n\n\n<li>C\u00e9cile Hamon<\/li>\n\n\n\n<li>Fernande Marais<\/li>\n\n\n\n<li>Marie-Henriette Maire<\/li>\n\n\n\n<li>Odile Montrabal<\/li>\n\n\n\n<li>Gis\u00e8le Patin<\/li>\n\n\n\n<li>R\u00e9gine Pr\u00e9lorenzo<\/li>\n\n\n\n<li>Roman Vanderhulst<\/li>\n\n\n\n<li>Brigitte Dudicourt<\/li>\n\n\n\n<li>Marie-Jeanne Gressieux<\/li>\n\n\n\n<li>Fran\u00e7oise Joseph<\/li>\n\n\n\n<li>Daniel Mari<\/li>\n\n\n\n<li>Andria Rabenasolo<\/li>\n\n\n\n<li>Marie-Christine Dourneau<\/li>\n\n\n\n<li>Monique Sautjeau<\/li>\n<\/ul>\n\n\n\n<p><\/p>\n\n\n\n<p><\/p>\n<\/div><\/div>\n","protected":false},"excerpt":{"rendered":"","protected":false},"author":4,"featured_media":2737,"parent":0,"menu_order":0,"comment_status":"closed","ping_status":"closed","template":"","meta":{"footnotes":""},"class_list":["post-538","page","type-page","status-publish","has-post-thumbnail","hentry"],"yoast_head":"<!-- This site is optimized with the Yoast SEO plugin v27.4 - https:\/\/yoast.com\/product\/yoast-seo-wordpress\/ -->\n<title>Ressources Humaines - Association Nationale de Retrait\u00e9s Groupe Paris<\/title>\n<meta name=\"robots\" content=\"index, follow, max-snippet:-1, max-image-preview:large, max-video-preview:-1\" \/>\n<link rel=\"canonical\" href=\"https:\/\/anrparis-75.fr\/index.php\/edito-du-president\/\" \/>\n<meta property=\"og:locale\" content=\"fr_FR\" \/>\n<meta property=\"og:type\" content=\"article\" \/>\n<meta property=\"og:title\" content=\"Ressources Humaines - Association Nationale de Retrait\u00e9s Groupe Paris\" \/>\n<meta property=\"og:url\" content=\"https:\/\/anrparis-75.fr\/index.php\/edito-du-president\/\" \/>\n<meta property=\"og:site_name\" content=\"Association Nationale de Retrait\u00e9s Groupe Paris\" \/>\n<meta property=\"article:modified_time\" content=\"2025-07-01T15:15:11+00:00\" \/>\n<meta property=\"og:image\" content=\"https:\/\/anrparis-75.fr\/wp-content\/uploads\/2024\/11\/Association-ville-scaled-e1730753960393.jpg\" \/>\n\t<meta property=\"og:image:width\" content=\"2560\" \/>\n\t<meta property=\"og:image:height\" content=\"1843\" \/>\n\t<meta property=\"og:image:type\" content=\"image\/jpeg\" \/>\n<meta name=\"twitter:card\" content=\"summary_large_image\" \/>\n<meta name=\"twitter:label1\" content=\"Dur\u00e9e de lecture estim\u00e9e\" \/>\n\t<meta name=\"twitter:data1\" content=\"1 minute\" \/>\n<script type=\"application\/ld+json\" class=\"yoast-schema-graph\">{\"@context\":\"https:\\\/\\\/schema.org\",\"@graph\":[{\"@type\":\"WebPage\",\"@id\":\"https:\\\/\\\/anrparis-75.fr\\\/index.php\\\/edito-du-president\\\/\",\"url\":\"https:\\\/\\\/anrparis-75.fr\\\/index.php\\\/edito-du-president\\\/\",\"name\":\"Ressources Humaines - Association Nationale de Retrait\u00e9s Groupe Paris\",\"isPartOf\":{\"@id\":\"https:\\\/\\\/anrparis-75.fr\\\/#website\"},\"primaryImageOfPage\":{\"@id\":\"https:\\\/\\\/anrparis-75.fr\\\/index.php\\\/edito-du-president\\\/#primaryimage\"},\"image\":{\"@id\":\"https:\\\/\\\/anrparis-75.fr\\\/index.php\\\/edito-du-president\\\/#primaryimage\"},\"thumbnailUrl\":\"https:\\\/\\\/anrparis-75.fr\\\/wp-content\\\/uploads\\\/2024\\\/11\\\/Association-ville-scaled-e1730753960393.jpg\",\"datePublished\":\"2021-03-30T16:32:05+00:00\",\"dateModified\":\"2025-07-01T15:15:11+00:00\",\"breadcrumb\":{\"@id\":\"https:\\\/\\\/anrparis-75.fr\\\/index.php\\\/edito-du-president\\\/#breadcrumb\"},\"inLanguage\":\"fr-FR\",\"potentialAction\":[{\"@type\":\"ReadAction\",\"target\":[\"https:\\\/\\\/anrparis-75.fr\\\/index.php\\\/edito-du-president\\\/\"]}]},{\"@type\":\"ImageObject\",\"inLanguage\":\"fr-FR\",\"@id\":\"https:\\\/\\\/anrparis-75.fr\\\/index.php\\\/edito-du-president\\\/#primaryimage\",\"url\":\"https:\\\/\\\/anrparis-75.fr\\\/wp-content\\\/uploads\\\/2024\\\/11\\\/Association-ville-scaled-e1730753960393.jpg\",\"contentUrl\":\"https:\\\/\\\/anrparis-75.fr\\\/wp-content\\\/uploads\\\/2024\\\/11\\\/Association-ville-scaled-e1730753960393.jpg\",\"width\":2560,\"height\":1843,\"caption\":\"diversity man and woman characters cityscape park background vector illustration\"},{\"@type\":\"BreadcrumbList\",\"@id\":\"https:\\\/\\\/anrparis-75.fr\\\/index.php\\\/edito-du-president\\\/#breadcrumb\",\"itemListElement\":[{\"@type\":\"ListItem\",\"position\":1,\"name\":\"Accueil\",\"item\":\"https:\\\/\\\/anrparis-75.fr\\\/\"},{\"@type\":\"ListItem\",\"position\":2,\"name\":\"Ressources Humaines\"}]},{\"@type\":\"WebSite\",\"@id\":\"https:\\\/\\\/anrparis-75.fr\\\/#website\",\"url\":\"https:\\\/\\\/anrparis-75.fr\\\/\",\"name\":\"Association Nationale de Retrait\u00e9s Groupe Paris\",\"description\":\"Retraite active\",\"publisher\":{\"@id\":\"https:\\\/\\\/anrparis-75.fr\\\/#organization\"},\"potentialAction\":[{\"@type\":\"SearchAction\",\"target\":{\"@type\":\"EntryPoint\",\"urlTemplate\":\"https:\\\/\\\/anrparis-75.fr\\\/?s={search_term_string}\"},\"query-input\":{\"@type\":\"PropertyValueSpecification\",\"valueRequired\":true,\"valueName\":\"search_term_string\"}}],\"inLanguage\":\"fr-FR\"},{\"@type\":\"Organization\",\"@id\":\"https:\\\/\\\/anrparis-75.fr\\\/#organization\",\"name\":\"Association Nationale de Retrait\u00e9s Groupe Paris 75\",\"url\":\"https:\\\/\\\/anrparis-75.fr\\\/\",\"logo\":{\"@type\":\"ImageObject\",\"inLanguage\":\"fr-FR\",\"@id\":\"https:\\\/\\\/anrparis-75.fr\\\/#\\\/schema\\\/logo\\\/image\\\/\",\"url\":\"https:\\\/\\\/anrparis-75.fr\\\/wp-content\\\/uploads\\\/2021\\\/05\\\/logo-sans-rien.png\",\"contentUrl\":\"https:\\\/\\\/anrparis-75.fr\\\/wp-content\\\/uploads\\\/2021\\\/05\\\/logo-sans-rien.png\",\"width\":170,\"height\":156,\"caption\":\"Association Nationale de Retrait\u00e9s Groupe Paris 75\"},\"image\":{\"@id\":\"https:\\\/\\\/anrparis-75.fr\\\/#\\\/schema\\\/logo\\\/image\\\/\"}}]}<\/script>\n<!-- \/ Yoast SEO plugin. -->","yoast_head_json":{"title":"Ressources Humaines - Association Nationale de Retrait\u00e9s Groupe Paris","robots":{"index":"index","follow":"follow","max-snippet":"max-snippet:-1","max-image-preview":"max-image-preview:large","max-video-preview":"max-video-preview:-1"},"canonical":"https:\/\/anrparis-75.fr\/index.php\/edito-du-president\/","og_locale":"fr_FR","og_type":"article","og_title":"Ressources Humaines - Association Nationale de Retrait\u00e9s Groupe Paris","og_url":"https:\/\/anrparis-75.fr\/index.php\/edito-du-president\/","og_site_name":"Association Nationale de Retrait\u00e9s Groupe Paris","article_modified_time":"2025-07-01T15:15:11+00:00","og_image":[{"width":2560,"height":1843,"url":"https:\/\/anrparis-75.fr\/wp-content\/uploads\/2024\/11\/Association-ville-scaled-e1730753960393.jpg","type":"image\/jpeg"}],"twitter_card":"summary_large_image","twitter_misc":{"Dur\u00e9e de lecture estim\u00e9e":"1 minute"},"schema":{"@context":"https:\/\/schema.org","@graph":[{"@type":"WebPage","@id":"https:\/\/anrparis-75.fr\/index.php\/edito-du-president\/","url":"https:\/\/anrparis-75.fr\/index.php\/edito-du-president\/","name":"Ressources Humaines - Association Nationale de Retrait\u00e9s Groupe Paris","isPartOf":{"@id":"https:\/\/anrparis-75.fr\/#website"},"primaryImageOfPage":{"@id":"https:\/\/anrparis-75.fr\/index.php\/edito-du-president\/#primaryimage"},"image":{"@id":"https:\/\/anrparis-75.fr\/index.php\/edito-du-president\/#primaryimage"},"thumbnailUrl":"https:\/\/anrparis-75.fr\/wp-content\/uploads\/2024\/11\/Association-ville-scaled-e1730753960393.jpg","datePublished":"2021-03-30T16:32:05+00:00","dateModified":"2025-07-01T15:15:11+00:00","breadcrumb":{"@id":"https:\/\/anrparis-75.fr\/index.php\/edito-du-president\/#breadcrumb"},"inLanguage":"fr-FR","potentialAction":[{"@type":"ReadAction","target":["https:\/\/anrparis-75.fr\/index.php\/edito-du-president\/"]}]},{"@type":"ImageObject","inLanguage":"fr-FR","@id":"https:\/\/anrparis-75.fr\/index.php\/edito-du-president\/#primaryimage","url":"https:\/\/anrparis-75.fr\/wp-content\/uploads\/2024\/11\/Association-ville-scaled-e1730753960393.jpg","contentUrl":"https:\/\/anrparis-75.fr\/wp-content\/uploads\/2024\/11\/Association-ville-scaled-e1730753960393.jpg","width":2560,"height":1843,"caption":"diversity man and woman characters cityscape park background vector illustration"},{"@type":"BreadcrumbList","@id":"https:\/\/anrparis-75.fr\/index.php\/edito-du-president\/#breadcrumb","itemListElement":[{"@type":"ListItem","position":1,"name":"Accueil","item":"https:\/\/anrparis-75.fr\/"},{"@type":"ListItem","position":2,"name":"Ressources Humaines"}]},{"@type":"WebSite","@id":"https:\/\/anrparis-75.fr\/#website","url":"https:\/\/anrparis-75.fr\/","name":"Association Nationale de Retrait\u00e9s Groupe Paris","description":"Retraite active","publisher":{"@id":"https:\/\/anrparis-75.fr\/#organization"},"potentialAction":[{"@type":"SearchAction","target":{"@type":"EntryPoint","urlTemplate":"https:\/\/anrparis-75.fr\/?s={search_term_string}"},"query-input":{"@type":"PropertyValueSpecification","valueRequired":true,"valueName":"search_term_string"}}],"inLanguage":"fr-FR"},{"@type":"Organization","@id":"https:\/\/anrparis-75.fr\/#organization","name":"Association Nationale de Retrait\u00e9s Groupe Paris 75","url":"https:\/\/anrparis-75.fr\/","logo":{"@type":"ImageObject","inLanguage":"fr-FR","@id":"https:\/\/anrparis-75.fr\/#\/schema\/logo\/image\/","url":"https:\/\/anrparis-75.fr\/wp-content\/uploads\/2021\/05\/logo-sans-rien.png","contentUrl":"https:\/\/anrparis-75.fr\/wp-content\/uploads\/2021\/05\/logo-sans-rien.png","width":170,"height":156,"caption":"Association Nationale de Retrait\u00e9s Groupe Paris 75"},"image":{"@id":"https:\/\/anrparis-75.fr\/#\/schema\/logo\/image\/"}}]}},"_links":{"self":[{"href":"https:\/\/anrparis-75.fr\/index.php\/wp-json\/wp\/v2\/pages\/538","targetHints":{"allow":["GET"]}}],"collection":[{"href":"https:\/\/anrparis-75.fr\/index.php\/wp-json\/wp\/v2\/pages"}],"about":[{"href":"https:\/\/anrparis-75.fr\/index.php\/wp-json\/wp\/v2\/types\/page"}],"author":[{"embeddable":true,"href":"https:\/\/anrparis-75.fr\/index.php\/wp-json\/wp\/v2\/users\/4"}],"replies":[{"embeddable":true,"href":"https:\/\/anrparis-75.fr\/index.php\/wp-json\/wp\/v2\/comments?post=538"}],"version-history":[{"count":37,"href":"https:\/\/anrparis-75.fr\/index.php\/wp-json\/wp\/v2\/pages\/538\/revisions"}],"predecessor-version":[{"id":3274,"href":"https:\/\/anrparis-75.fr\/index.php\/wp-json\/wp\/v2\/pages\/538\/revisions\/3274"}],"wp:featuredmedia":[{"embeddable":true,"href":"https:\/\/anrparis-75.fr\/index.php\/wp-json\/wp\/v2\/media\/2737"}],"wp:attachment":[{"href":"https:\/\/anrparis-75.fr\/index.php\/wp-json\/wp\/v2\/media?parent=538"}],"curies":[{"name":"wp","href":"https:\/\/api.w.org\/{rel}","templated":true}]}}