{"id":3804,"date":"2026-02-18T18:07:50","date_gmt":"2026-02-18T17:07:50","guid":{"rendered":"https:\/\/anrparis-75.fr\/?page_id=3804"},"modified":"2026-02-18T19:16:52","modified_gmt":"2026-02-18T18:16:52","slug":"publications-de-lanr-siege","status":"publish","type":"page","link":"https:\/\/anrparis-75.fr\/index.php\/publications-de-lanr-siege\/","title":{"rendered":"Publications de l&rsquo;ANR Si\u00e8ge"},"content":{"rendered":"\n<figure class=\"wp-block-image size-large\"><img loading=\"lazy\" decoding=\"async\" width=\"1024\" height=\"236\" src=\"https:\/\/anrparis-75.fr\/wp-content\/uploads\/2026\/02\/2015-01-15-Bandeau-Flash-de-Defense-des-retraites-1024x236.png\" alt=\"\" class=\"wp-image-3812\" srcset=\"https:\/\/anrparis-75.fr\/wp-content\/uploads\/2026\/02\/2015-01-15-Bandeau-Flash-de-Defense-des-retraites-1024x236.png 1024w, https:\/\/anrparis-75.fr\/wp-content\/uploads\/2026\/02\/2015-01-15-Bandeau-Flash-de-Defense-des-retraites-300x69.png 300w, https:\/\/anrparis-75.fr\/wp-content\/uploads\/2026\/02\/2015-01-15-Bandeau-Flash-de-Defense-des-retraites-768x177.png 768w, https:\/\/anrparis-75.fr\/wp-content\/uploads\/2026\/02\/2015-01-15-Bandeau-Flash-de-Defense-des-retraites-1536x353.png 1536w, https:\/\/anrparis-75.fr\/wp-content\/uploads\/2026\/02\/2015-01-15-Bandeau-Flash-de-Defense-des-retraites-2048x471.png 2048w\" sizes=\"auto, (max-width: 1024px) 100vw, 1024px\" \/><\/figure>\n\n\n\n<p><a href=\"https:\/\/tinyurl.com\/ANRFLASHs\" target=\"_blank\" rel=\"noreferrer noopener\">Le dernier flash de D\u00e9fense des Retrait\u00e9s <\/a><\/p>\n\n\n\n<figure class=\"wp-block-image size-large\"><img loading=\"lazy\" decoding=\"async\" width=\"1024\" height=\"240\" src=\"https:\/\/anrparis-75.fr\/wp-content\/uploads\/2026\/02\/2026-01-15-bandeau-La-Lettre-dinfo-1024x240.png\" alt=\"\" class=\"wp-image-3815\" srcset=\"https:\/\/anrparis-75.fr\/wp-content\/uploads\/2026\/02\/2026-01-15-bandeau-La-Lettre-dinfo-1024x240.png 1024w, https:\/\/anrparis-75.fr\/wp-content\/uploads\/2026\/02\/2026-01-15-bandeau-La-Lettre-dinfo-300x70.png 300w, https:\/\/anrparis-75.fr\/wp-content\/uploads\/2026\/02\/2026-01-15-bandeau-La-Lettre-dinfo-768x180.png 768w, https:\/\/anrparis-75.fr\/wp-content\/uploads\/2026\/02\/2026-01-15-bandeau-La-Lettre-dinfo-1536x360.png 1536w, https:\/\/anrparis-75.fr\/wp-content\/uploads\/2026\/02\/2026-01-15-bandeau-La-Lettre-dinfo-2048x480.png 2048w\" sizes=\"auto, (max-width: 1024px) 100vw, 1024px\" \/><\/figure>\n\n\n\n<p><a href=\"https:\/\/tinyurl.com\/ANRLETs\" target=\"_blank\" rel=\"noreferrer noopener\">La derni\u00e8re Lettre d\u2019info de l\u2019ANR (en libre diffusion<\/a><\/p>\n\n\n\n<p><a href=\"https:\/\/tinyurl.com\/ANREchoCFRs\" target=\"_blank\" rel=\"noreferrer noopener\">Les \u00c9chos de la CFR <\/a><\/p>\n\n\n\n<p><a href=\"https:\/\/tinyurl.com\/ANRPRESSEs\" target=\"_blank\" rel=\"noreferrer noopener\">Le Dossier de Presse de l\u2019ANR <\/a><\/p>\n\n\n\n<p><\/p>\n","protected":false},"excerpt":{"rendered":"<p>Le dernier flash de D\u00e9fense des Retrait\u00e9s La derni\u00e8re Lettre d\u2019info de l\u2019ANR (en libre diffusion Les \u00c9chos de la CFR Le Dossier de Presse de l\u2019ANR<\/p>\n","protected":false},"author":5,"featured_media":0,"parent":0,"menu_order":0,"comment_status":"closed","ping_status":"closed","template":"","meta":{"footnotes":""},"class_list":["post-3804","page","type-page","status-publish","hentry"],"yoast_head":"<!-- This site is optimized with the Yoast SEO plugin v27.3 - https:\/\/yoast.com\/product\/yoast-seo-wordpress\/ -->\n<title>Publications de l&#039;ANR Si\u00e8ge - Association Nationale de Retrait\u00e9s Groupe Paris<\/title>\n<meta name=\"robots\" content=\"index, follow, max-snippet:-1, max-image-preview:large, max-video-preview:-1\" \/>\n<link rel=\"canonical\" href=\"https:\/\/anrparis-75.fr\/index.php\/publications-de-lanr-siege\/\" \/>\n<meta property=\"og:locale\" content=\"fr_FR\" \/>\n<meta property=\"og:type\" content=\"article\" \/>\n<meta property=\"og:title\" content=\"Publications de l&#039;ANR Si\u00e8ge - Association Nationale de Retrait\u00e9s Groupe Paris\" \/>\n<meta property=\"og:description\" content=\"Le dernier flash de D\u00e9fense des Retrait\u00e9s La derni\u00e8re Lettre d\u2019info de l\u2019ANR (en libre diffusion Les \u00c9chos de la CFR Le Dossier de Presse de l\u2019ANR\" \/>\n<meta property=\"og:url\" content=\"https:\/\/anrparis-75.fr\/index.php\/publications-de-lanr-siege\/\" \/>\n<meta property=\"og:site_name\" content=\"Association Nationale de Retrait\u00e9s Groupe Paris\" \/>\n<meta property=\"article:modified_time\" content=\"2026-02-18T18:16:52+00:00\" \/>\n<meta property=\"og:image\" content=\"https:\/\/anrparis-75.fr\/wp-content\/uploads\/2026\/02\/2015-01-15-Bandeau-Flash-de-Defense-des-retraites.png\" \/>\n\t<meta property=\"og:image:width\" content=\"2482\" \/>\n\t<meta property=\"og:image:height\" content=\"571\" \/>\n\t<meta property=\"og:image:type\" content=\"image\/png\" \/>\n<meta name=\"twitter:card\" content=\"summary_large_image\" \/>\n<script type=\"application\/ld+json\" class=\"yoast-schema-graph\">{\"@context\":\"https:\\\/\\\/schema.org\",\"@graph\":[{\"@type\":\"WebPage\",\"@id\":\"https:\\\/\\\/anrparis-75.fr\\\/index.php\\\/publications-de-lanr-siege\\\/\",\"url\":\"https:\\\/\\\/anrparis-75.fr\\\/index.php\\\/publications-de-lanr-siege\\\/\",\"name\":\"Publications de l'ANR Si\u00e8ge - Association Nationale de Retrait\u00e9s Groupe Paris\",\"isPartOf\":{\"@id\":\"https:\\\/\\\/anrparis-75.fr\\\/#website\"},\"primaryImageOfPage\":{\"@id\":\"https:\\\/\\\/anrparis-75.fr\\\/index.php\\\/publications-de-lanr-siege\\\/#primaryimage\"},\"image\":{\"@id\":\"https:\\\/\\\/anrparis-75.fr\\\/index.php\\\/publications-de-lanr-siege\\\/#primaryimage\"},\"thumbnailUrl\":\"https:\\\/\\\/anrparis-75.fr\\\/wp-content\\\/uploads\\\/2026\\\/02\\\/2015-01-15-Bandeau-Flash-de-Defense-des-retraites-1024x236.png\",\"datePublished\":\"2026-02-18T17:07:50+00:00\",\"dateModified\":\"2026-02-18T18:16:52+00:00\",\"breadcrumb\":{\"@id\":\"https:\\\/\\\/anrparis-75.fr\\\/index.php\\\/publications-de-lanr-siege\\\/#breadcrumb\"},\"inLanguage\":\"fr-FR\",\"potentialAction\":[{\"@type\":\"ReadAction\",\"target\":[\"https:\\\/\\\/anrparis-75.fr\\\/index.php\\\/publications-de-lanr-siege\\\/\"]}]},{\"@type\":\"ImageObject\",\"inLanguage\":\"fr-FR\",\"@id\":\"https:\\\/\\\/anrparis-75.fr\\\/index.php\\\/publications-de-lanr-siege\\\/#primaryimage\",\"url\":\"https:\\\/\\\/anrparis-75.fr\\\/wp-content\\\/uploads\\\/2026\\\/02\\\/2015-01-15-Bandeau-Flash-de-Defense-des-retraites.png\",\"contentUrl\":\"https:\\\/\\\/anrparis-75.fr\\\/wp-content\\\/uploads\\\/2026\\\/02\\\/2015-01-15-Bandeau-Flash-de-Defense-des-retraites.png\",\"width\":2482,\"height\":571},{\"@type\":\"BreadcrumbList\",\"@id\":\"https:\\\/\\\/anrparis-75.fr\\\/index.php\\\/publications-de-lanr-siege\\\/#breadcrumb\",\"itemListElement\":[{\"@type\":\"ListItem\",\"position\":1,\"name\":\"Accueil\",\"item\":\"https:\\\/\\\/anrparis-75.fr\\\/\"},{\"@type\":\"ListItem\",\"position\":2,\"name\":\"Publications de l&rsquo;ANR Si\u00e8ge\"}]},{\"@type\":\"WebSite\",\"@id\":\"https:\\\/\\\/anrparis-75.fr\\\/#website\",\"url\":\"https:\\\/\\\/anrparis-75.fr\\\/\",\"name\":\"Association Nationale de Retrait\u00e9s Groupe Paris\",\"description\":\"Retraite active\",\"publisher\":{\"@id\":\"https:\\\/\\\/anrparis-75.fr\\\/#organization\"},\"potentialAction\":[{\"@type\":\"SearchAction\",\"target\":{\"@type\":\"EntryPoint\",\"urlTemplate\":\"https:\\\/\\\/anrparis-75.fr\\\/?s={search_term_string}\"},\"query-input\":{\"@type\":\"PropertyValueSpecification\",\"valueRequired\":true,\"valueName\":\"search_term_string\"}}],\"inLanguage\":\"fr-FR\"},{\"@type\":\"Organization\",\"@id\":\"https:\\\/\\\/anrparis-75.fr\\\/#organization\",\"name\":\"Association Nationale de Retrait\u00e9s Groupe Paris 75\",\"url\":\"https:\\\/\\\/anrparis-75.fr\\\/\",\"logo\":{\"@type\":\"ImageObject\",\"inLanguage\":\"fr-FR\",\"@id\":\"https:\\\/\\\/anrparis-75.fr\\\/#\\\/schema\\\/logo\\\/image\\\/\",\"url\":\"https:\\\/\\\/anrparis-75.fr\\\/wp-content\\\/uploads\\\/2021\\\/05\\\/logo-sans-rien.png\",\"contentUrl\":\"https:\\\/\\\/anrparis-75.fr\\\/wp-content\\\/uploads\\\/2021\\\/05\\\/logo-sans-rien.png\",\"width\":170,\"height\":156,\"caption\":\"Association Nationale de Retrait\u00e9s Groupe Paris 75\"},\"image\":{\"@id\":\"https:\\\/\\\/anrparis-75.fr\\\/#\\\/schema\\\/logo\\\/image\\\/\"}}]}<\/script>\n<!-- \/ Yoast SEO plugin. -->","yoast_head_json":{"title":"Publications de l'ANR Si\u00e8ge - Association Nationale de Retrait\u00e9s Groupe Paris","robots":{"index":"index","follow":"follow","max-snippet":"max-snippet:-1","max-image-preview":"max-image-preview:large","max-video-preview":"max-video-preview:-1"},"canonical":"https:\/\/anrparis-75.fr\/index.php\/publications-de-lanr-siege\/","og_locale":"fr_FR","og_type":"article","og_title":"Publications de l'ANR Si\u00e8ge - Association Nationale de Retrait\u00e9s Groupe Paris","og_description":"Le dernier flash de D\u00e9fense des Retrait\u00e9s La derni\u00e8re Lettre d\u2019info de l\u2019ANR (en libre diffusion Les \u00c9chos de la CFR Le Dossier de Presse de l\u2019ANR","og_url":"https:\/\/anrparis-75.fr\/index.php\/publications-de-lanr-siege\/","og_site_name":"Association Nationale de Retrait\u00e9s Groupe Paris","article_modified_time":"2026-02-18T18:16:52+00:00","og_image":[{"width":2482,"height":571,"url":"https:\/\/anrparis-75.fr\/wp-content\/uploads\/2026\/02\/2015-01-15-Bandeau-Flash-de-Defense-des-retraites.png","type":"image\/png"}],"twitter_card":"summary_large_image","schema":{"@context":"https:\/\/schema.org","@graph":[{"@type":"WebPage","@id":"https:\/\/anrparis-75.fr\/index.php\/publications-de-lanr-siege\/","url":"https:\/\/anrparis-75.fr\/index.php\/publications-de-lanr-siege\/","name":"Publications de l'ANR Si\u00e8ge - Association Nationale de Retrait\u00e9s Groupe Paris","isPartOf":{"@id":"https:\/\/anrparis-75.fr\/#website"},"primaryImageOfPage":{"@id":"https:\/\/anrparis-75.fr\/index.php\/publications-de-lanr-siege\/#primaryimage"},"image":{"@id":"https:\/\/anrparis-75.fr\/index.php\/publications-de-lanr-siege\/#primaryimage"},"thumbnailUrl":"https:\/\/anrparis-75.fr\/wp-content\/uploads\/2026\/02\/2015-01-15-Bandeau-Flash-de-Defense-des-retraites-1024x236.png","datePublished":"2026-02-18T17:07:50+00:00","dateModified":"2026-02-18T18:16:52+00:00","breadcrumb":{"@id":"https:\/\/anrparis-75.fr\/index.php\/publications-de-lanr-siege\/#breadcrumb"},"inLanguage":"fr-FR","potentialAction":[{"@type":"ReadAction","target":["https:\/\/anrparis-75.fr\/index.php\/publications-de-lanr-siege\/"]}]},{"@type":"ImageObject","inLanguage":"fr-FR","@id":"https:\/\/anrparis-75.fr\/index.php\/publications-de-lanr-siege\/#primaryimage","url":"https:\/\/anrparis-75.fr\/wp-content\/uploads\/2026\/02\/2015-01-15-Bandeau-Flash-de-Defense-des-retraites.png","contentUrl":"https:\/\/anrparis-75.fr\/wp-content\/uploads\/2026\/02\/2015-01-15-Bandeau-Flash-de-Defense-des-retraites.png","width":2482,"height":571},{"@type":"BreadcrumbList","@id":"https:\/\/anrparis-75.fr\/index.php\/publications-de-lanr-siege\/#breadcrumb","itemListElement":[{"@type":"ListItem","position":1,"name":"Accueil","item":"https:\/\/anrparis-75.fr\/"},{"@type":"ListItem","position":2,"name":"Publications de l&rsquo;ANR Si\u00e8ge"}]},{"@type":"WebSite","@id":"https:\/\/anrparis-75.fr\/#website","url":"https:\/\/anrparis-75.fr\/","name":"Association Nationale de Retrait\u00e9s Groupe Paris","description":"Retraite active","publisher":{"@id":"https:\/\/anrparis-75.fr\/#organization"},"potentialAction":[{"@type":"SearchAction","target":{"@type":"EntryPoint","urlTemplate":"https:\/\/anrparis-75.fr\/?s={search_term_string}"},"query-input":{"@type":"PropertyValueSpecification","valueRequired":true,"valueName":"search_term_string"}}],"inLanguage":"fr-FR"},{"@type":"Organization","@id":"https:\/\/anrparis-75.fr\/#organization","name":"Association Nationale de Retrait\u00e9s Groupe Paris 75","url":"https:\/\/anrparis-75.fr\/","logo":{"@type":"ImageObject","inLanguage":"fr-FR","@id":"https:\/\/anrparis-75.fr\/#\/schema\/logo\/image\/","url":"https:\/\/anrparis-75.fr\/wp-content\/uploads\/2021\/05\/logo-sans-rien.png","contentUrl":"https:\/\/anrparis-75.fr\/wp-content\/uploads\/2021\/05\/logo-sans-rien.png","width":170,"height":156,"caption":"Association Nationale de Retrait\u00e9s Groupe Paris 75"},"image":{"@id":"https:\/\/anrparis-75.fr\/#\/schema\/logo\/image\/"}}]}},"_links":{"self":[{"href":"https:\/\/anrparis-75.fr\/index.php\/wp-json\/wp\/v2\/pages\/3804","targetHints":{"allow":["GET"]}}],"collection":[{"href":"https:\/\/anrparis-75.fr\/index.php\/wp-json\/wp\/v2\/pages"}],"about":[{"href":"https:\/\/anrparis-75.fr\/index.php\/wp-json\/wp\/v2\/types\/page"}],"author":[{"embeddable":true,"href":"https:\/\/anrparis-75.fr\/index.php\/wp-json\/wp\/v2\/users\/5"}],"replies":[{"embeddable":true,"href":"https:\/\/anrparis-75.fr\/index.php\/wp-json\/wp\/v2\/comments?post=3804"}],"version-history":[{"count":7,"href":"https:\/\/anrparis-75.fr\/index.php\/wp-json\/wp\/v2\/pages\/3804\/revisions"}],"predecessor-version":[{"id":3816,"href":"https:\/\/anrparis-75.fr\/index.php\/wp-json\/wp\/v2\/pages\/3804\/revisions\/3816"}],"wp:attachment":[{"href":"https:\/\/anrparis-75.fr\/index.php\/wp-json\/wp\/v2\/media?parent=3804"}],"curies":[{"name":"wp","href":"https:\/\/api.w.org\/{rel}","templated":true}]}}